{"id":8294,"date":"2016-04-12T06:37:16","date_gmt":"2016-04-12T06:37:16","guid":{"rendered":"https:\/\/brandvoicer.pt\/?page_id=8294"},"modified":"2024-12-03T13:08:25","modified_gmt":"2024-12-03T13:08:25","slug":"quem","status":"publish","type":"page","link":"https:\/\/brandvoicer.pt\/en\/quem\/","title":{"rendered":"Quem"},"content":{"rendered":"<section class=\"brando-row-1 padding-three-all no-margin\"><div class=\"container\"><div class=\"row\"><div class=\"wpb_column brando-column-container brando-column-1 vc_col-sm-12 col-xs-mobile-fullwidth\" data-front-class=\"brando-column-container brando-column-1 col-xs-mobile-fullwidth\"><div class=\"vc-column-innner-wrapper\"><div class=\"wpd-innner-wrapper\"><div class=\"vc_empty_space\"   style=\"height: 60px\"><span class=\"vc_empty_space_inner\"><\/span><\/div>\n\t<div  class=\"wpb_single_image wpb_content_element vc_align_center\">\n\t\t\n\t\t<figure class=\"wpb_wrapper vc_figure\">\n\t\t\t<div class=\"vc_single_image-wrapper vc_box_circle  vc_box_border_grey\"><img loading=\"lazy\" decoding=\"async\" width=\"300\" height=\"300\" src=\"https:\/\/brandvoicer.pt\/wp-content\/uploads\/2024\/07\/eu-2746101-300x300.jpeg\" class=\"vc_single_image-img attachment-medium\" alt=\"eu\" title=\"eu\" srcset=\"https:\/\/brandvoicer.pt\/wp-content\/uploads\/2024\/07\/eu-2746101-300x300.jpeg 300w, https:\/\/brandvoicer.pt\/wp-content\/uploads\/2024\/07\/eu-2746101-150x150.jpeg 150w, https:\/\/brandvoicer.pt\/wp-content\/uploads\/2024\/07\/eu-2746101-768x768.jpeg 768w, https:\/\/brandvoicer.pt\/wp-content\/uploads\/2024\/07\/eu-2746101-12x12.jpeg 12w, https:\/\/brandvoicer.pt\/wp-content\/uploads\/2024\/07\/eu-2746101-420x420.jpeg 420w, https:\/\/brandvoicer.pt\/wp-content\/uploads\/2024\/07\/eu-2746101-700x700.jpeg 700w, https:\/\/brandvoicer.pt\/wp-content\/uploads\/2024\/07\/eu-2746101.jpeg 800w\" sizes=\"auto, (max-width: 300px) 100vw, 300px\" \/><\/div>\n\t\t<\/figure>\n\t<\/div>\n<div class=\"vc_empty_space\"   style=\"height: 60px\"><span class=\"vc_empty_space_inner\"><\/span><\/div><h2 style=\"line-height: 40px;text-align: center;font-family:Shadows Into Light;font-weight:400;font-style:normal\" class=\"vc_custom_heading personalintrotext\" >Jo\u00e3o Filipe Mateus<\/h2><p style=\"font-size: 25px;line-height: 40px;text-align: center;font-family:Shadows Into Light;font-weight:400;font-style:normal\" class=\"vc_custom_heading personalintrotext\" >Brandvoicer is my personal and professional brand. A word studio that embraces a strategic and creative approach to digital writing and content. I prioritise differentiation and have a keen critical sense that drives purposeful communication. Honesty and integrity are at the core of my values, while empathy shapes my interactions, fostering genuine connections with the audience. Collaboration and teamwork are vital to achieving impactful results that truly make a difference.<\/p><\/div><\/div><\/div><\/div><\/div><\/section><section class=\"brando-row-2 no-padding no-margin\"><div class=\"container\"><div class=\"row\"><div class=\"wpb_column brando-column-container brando-column-2 vc_col-sm-12 col-xs-mobile-fullwidth\" data-front-class=\"brando-column-container brando-column-2 col-xs-mobile-fullwidth\"><div class=\"vc-column-innner-wrapper\"><div class=\"wpd-innner-wrapper\"><div class=\"vc_separator wpb_content_element vc_separator_align_center vc_sep_width_100 vc_sep_pos_align_center vc_separator_no_text vc_sep_color_grey\" ><span class=\"vc_sep_holder vc_sep_holder_l\"><span class=\"vc_sep_line\"><\/span><\/span><span class=\"vc_sep_holder vc_sep_holder_r\"><span class=\"vc_sep_line\"><\/span><\/span>\n<\/div><\/div><\/div><\/div><\/div><\/div><\/section><section id=\"employment\" class=\"brando-row-3 padding-one-all margin-one-all\" style=\"background-color:#ffffff;\"><div class=\"container\"><div class=\"row\"><div class=\"wpb_column brando-column-container brando-column-3 vc_col-sm-12 vc_col-md-12 vc_col-xs-12\" data-front-class=\"brando-column-container brando-column-3\"><div class=\"vc-column-innner-wrapper\"><div class=\"wpd-innner-wrapper\"><h4 class=\"brando-remove-frontend-editor-top alt-font  black-text heading-style13 margin-six-bottom xs-margin-ten-bottom brando-heading-1\">Education<\/h4><div class=\"brando-inner-row-1 brando-inner-row-class\"><div class=\"wpb_column brando-column-container brando-column-4 vc_col-sm-12 col-xs-mobile-fullwidth margin-three-top\" data-front-class=\"brando-column-container brando-column-4 col-xs-mobile-fullwidth margin-three-top\"><div class=\"vc-column-innner-wrapper\"><div class=\"wpd-innner-wrapper\"><div class=\"brando-text-1\"><p><a href=\"https:\/\/brandvoicer.pt\/wp-content\/uploads\/2024\/12\/Certificate-12-03-2024_11_29_AM-4817185.png\" target=\"_blank\" rel=\"noopener\">Become an AI-Powered Marketer, 2024<\/a><br \/>\n<a href=\"https:\/\/brandvoicer.pt\/wp-content\/uploads\/2024\/07\/Joao-Mateus-signed-storytelling-2001559.pdf\" target=\"_blank\" rel=\"noopener\">Storytelling (9h), 2024<\/a><br \/>\n<a href=\"https:\/\/brandvoicer.pt\/wp-content\/uploads\/2024\/07\/Joao-Mateus-signed-web-copywriting-9995906.pdf\" target=\"_blank\" rel=\"noopener\">Web Copywriting: Adequar a Mensagem aos Canais Digitais (8h), 2024<\/a><\/p>\n<p>&nbsp;<\/p>\n<\/div><\/div><\/div><\/div><\/div><div class=\"brando-inner-row-2 brando-inner-row-class padding-one-all\"><div class=\"wpb_column brando-column-container brando-column-5 vc_col-sm-6 vc_col-md-6 vc_col-xs-12\" data-front-class=\"brando-column-container brando-column-5\"><div class=\"vc-column-innner-wrapper\"><div class=\"wpd-innner-wrapper\"><div class=\"col-lg-2 col-md-2 col-sm-1 col-xs-2 no-padding\"><span class=\"alt-font title-large light-gray-text\">2012<\/span><\/div><div class=\"col-lg-10 col-md-10 col-sm-11 col-xs-10 no-padding-right padding-three-left counter-style1 brando-remove-frontend-editor-top\"><span class=\"alt-font display-block font-weight-600 text-uppercase black-text margin-three-bottom\"><a href=\"https:\/\/weareedit.io\/\" target=\"_blank\">EDIT.<\/a><\/span><p><span class=\"alt-font display-block text-uppercase line-height-20 medium-gray-text\">Digital Marketing &amp; Strategy<br \/>\n<\/span><\/p>\n<\/div><\/div><\/div><\/div><div class=\"wpb_column brando-column-container brando-column-6 vc_col-sm-6 vc_col-md-6 vc_col-xs-12 no-padding margin-seven-bottom\" data-front-class=\"brando-column-container brando-column-6 no-padding margin-seven-bottom\"><div class=\"vc-column-innner-wrapper\"><div class=\"wpd-innner-wrapper\"><div class=\"col-lg-2 col-md-2 col-sm-1 col-xs-2 no-padding\"><span class=\"alt-font title-large light-gray-text\">2008<\/span><\/div><div class=\"col-lg-10 col-md-10 col-sm-11 col-xs-10 no-padding-right padding-three-left counter-style1 brando-remove-frontend-editor-top\"><span class=\"alt-font display-block font-weight-600 text-uppercase black-text margin-three-bottom\"><a href=\"https:\/\/galileu.pt\/\" target=\"_blank\">Galileu<\/a><\/span><p><span class=\"alt-font display-block text-uppercase line-height-20 medium-gray-text\">Web Design (175h)<br \/>\n<\/span><\/p>\n<\/div><\/div><\/div><\/div><\/div><div class=\"brando-inner-row-3 brando-inner-row-class\"><div class=\"wpb_column brando-column-container brando-column-7 vc_col-sm-6 col-xs-mobile-fullwidth\" data-front-class=\"brando-column-container brando-column-7 col-xs-mobile-fullwidth\"><div class=\"vc-column-innner-wrapper\"><div class=\"wpd-innner-wrapper\"><div class=\"col-lg-2 col-md-2 col-sm-1 col-xs-2 no-padding\"><span class=\"alt-font title-large light-gray-text\">2002\r\n2007<\/span><\/div><div class=\"col-lg-10 col-md-10 col-sm-11 col-xs-10 no-padding-right padding-three-left counter-style1 brando-remove-frontend-editor-top\"><span class=\"alt-font display-block font-weight-600 text-uppercase black-text margin-three-bottom\"><a href=\"https:\/\/www.linkedin.com\/school\/instituto-superior-de-comunica-o-empresarial\/about\/\" target=\"_blank\">Inst. Sup. de Comunica\u00e7\u00e3o Empresarial<\/a><\/span><p><span class=\"alt-font display-block text-uppercase line-height-20 medium-gray-text\">Bachelor's Degree in Business Communication.<br \/>\n<\/span><span class=\"alt-font display-block text-uppercase line-height-20 medium-gray-text\">(Pre-Bologna)<br \/>\n<\/span><\/p>\n<\/div><\/div><\/div><\/div><div class=\"wpb_column brando-column-container brando-column-8 vc_col-sm-6 col-xs-mobile-fullwidth\" data-front-class=\"brando-column-container brando-column-8 col-xs-mobile-fullwidth\"><div class=\"vc-column-innner-wrapper\"><div class=\"wpd-innner-wrapper\"><div class=\"col-lg-2 col-md-2 col-sm-1 col-xs-2 no-padding\"><span class=\"alt-font title-large light-gray-text\">2005<\/span><\/div><div class=\"col-lg-10 col-md-10 col-sm-11 col-xs-10 no-padding-right padding-three-left counter-style1 brando-remove-frontend-editor-top\"><span class=\"alt-font display-block font-weight-600 text-uppercase black-text margin-three-bottom\"><a href=\"https:\/\/www.fh-wien.ac.at\/en\/\" target=\"_blank\">FHWien<\/a><\/span><p><span class=\"alt-font display-block text-uppercase line-height-20 medium-gray-text\">Erasmus, Wien, Austria (6 months)<br \/>\n<\/span>University of Applied Sciences for Management &amp; Communication<\/p>\n<p><span class=\"alt-font display-block text-uppercase line-height-20 medium-gray-text\">\u00a0<\/span><\/p>\n<\/div><\/div><\/div><\/div><\/div><\/div><\/div><\/div><\/div><\/div><\/section><section  id=\"contacto\" class=\"brando-row-4 padding-three-tb md-padding-three-tb sm-padding-three-tb xs-padding-three-tb bg-image-srcset\" style=\"background: url(https:\/\/brandvoicer.pt\/wp-content\/uploads\/2024\/10\/folha_papel_branco_v3-5156509-scaled.jpg) no-repeat;\" data-bg-srcset=\"https:\/\/brandvoicer.pt\/wp-content\/uploads\/2024\/10\/folha_papel_branco_v3-5156509-scaled.jpg 2560w, https:\/\/brandvoicer.pt\/wp-content\/uploads\/2024\/10\/folha_papel_branco_v3-5156509-300x169.jpg 300w, https:\/\/brandvoicer.pt\/wp-content\/uploads\/2024\/10\/folha_papel_branco_v3-5156509-1024x576.jpg 1024w, https:\/\/brandvoicer.pt\/wp-content\/uploads\/2024\/10\/folha_papel_branco_v3-5156509-768x432.jpg 768w, https:\/\/brandvoicer.pt\/wp-content\/uploads\/2024\/10\/folha_papel_branco_v3-5156509-1536x864.jpg 1536w, https:\/\/brandvoicer.pt\/wp-content\/uploads\/2024\/10\/folha_papel_branco_v3-5156509-2048x1152.jpg 2048w, https:\/\/brandvoicer.pt\/wp-content\/uploads\/2024\/10\/folha_papel_branco_v3-5156509-18x10.jpg 18w, https:\/\/brandvoicer.pt\/wp-content\/uploads\/2024\/10\/folha_papel_branco_v3-5156509-420x236.jpg 420w, https:\/\/brandvoicer.pt\/wp-content\/uploads\/2024\/10\/folha_papel_branco_v3-5156509-1200x675.jpg 1200w\"><div class=\"container\"><div class=\"row\"><div class=\"wpb_column brando-column-container brando-column-9 vc_col-sm-8 col-xs-mobile-fullwidth text-center md-text-center sm-text-center xs-text-center\" data-front-class=\"brando-column-container brando-column-9 col-xs-mobile-fullwidth text-center md-text-center sm-text-center xs-text-center\"><div class=\"vc-column-innner-wrapper\"><div class=\"wpd-innner-wrapper\"><div class=\"vc_empty_space\"   style=\"height: 50px\"><span class=\"vc_empty_space_inner\"><\/span><\/div><h2 style=\"color: #000000;text-align: center;font-family:Noto Sans;font-weight:700;font-style:normal\" class=\"vc_custom_heading\" >Shall we set the words in motion?<\/h2><div class=\"brando-text-2\"><h6>I team up with agencies, businesses, or organisations to resolve briefings and communication challenges.<\/h6>\n<\/div><div class=\"text-center\"><h6><span style=\"color: #000000;\">my@brandvoicer.pt |<\/span><span style=\"color: #000000;\"> +351 91 995 55 10 | <\/span><span style=\"color: #000000;\">Lisbon, Portugal<\/span><\/h6>\n<\/div><div class=\"vc_icon_element vc_icon_element-outer vc_icon_element-align-center\"><div class=\"vc_icon_element-inner vc_icon_element-color-custom vc_icon_element-size-xl vc_icon_element-style- vc_icon_element-background-color-grey\" ><span class=\"vc_icon_element-icon fab fa-linkedin\" style=\"color:#0a67c3 !important\"><\/span><a class=\"vc_icon_element-link\" href=\"https:\/\/www.linkedin.com\/in\/joaomateus83\/\"  title=\"\" target=\"_blank\"><\/a><\/div><\/div><\/div><\/div><\/div><div class=\"wpb_column brando-column-container brando-column-10 vc_col-sm-4 col-xs-mobile-fullwidth\" data-front-class=\"brando-column-container brando-column-10 col-xs-mobile-fullwidth\"><div class=\"vc-column-innner-wrapper\"><div class=\"wpd-innner-wrapper\">\n\t<div class=\"wpb_raw_code wpb_content_element wpb_raw_html\" >\n\t\t<div class=\"wpb_wrapper\">\n\t\t\t<script src=\"https:\/\/unpkg.com\/@dotlottie\/player-component@latest\/dist\/dotlottie-player.mjs\" type=\"module\"><\/script> \n    <dotlottie-player src=\"https:\/\/lottie.host\/0e43c830-0541-47ff-8451-ac59cd3b66cf\/WXFVHPNWMR.json\" background=\"transparent\" speed=\"1\" style=\"width: 400px; height: 400px;\" loop autoplay><\/dotlottie-player>\n\t\t<\/div>\n\t<\/div>\n<\/div><\/div><\/div><\/div><\/div><\/section><section id=\"contacto\" class=\"brando-row-5 padding-three-tb md-padding-three-tb sm-padding-three-tb xs-padding-three-tb\" style=\"background-color:#232323;\"><div class=\"container\"><div class=\"row\"><div id=\"contacto\" class=\"wpb_column brando-column-container brando-column-11 vc_col-sm-12 col-xs-mobile-fullwidth text-center md-text-center sm-text-center xs-text-center\" data-front-class=\"brando-column-container brando-column-11 col-xs-mobile-fullwidth text-center md-text-center sm-text-center xs-text-center\"><div class=\"vc-column-innner-wrapper\"><div class=\"wpd-innner-wrapper\">\n\t<div  class=\"wpb_single_image wpb_content_element vc_align_center\">\n\t\t\n\t\t<figure class=\"wpb_wrapper vc_figure\">\n\t\t\t<div class=\"vc_single_image-wrapper   vc_box_border_grey\"><img loading=\"lazy\" decoding=\"async\" width=\"300\" height=\"70\" src=\"https:\/\/brandvoicer.pt\/wp-content\/uploads\/2024\/10\/Logo_cor_invertida_small-3218661-300x70.png\" class=\"vc_single_image-img attachment-medium\" alt=\"logo_cor_invertida_small\" title=\"Logo_cor_invertida_small\" srcset=\"https:\/\/brandvoicer.pt\/wp-content\/uploads\/2024\/10\/Logo_cor_invertida_small-3218661-300x70.png 300w, https:\/\/brandvoicer.pt\/wp-content\/uploads\/2024\/10\/Logo_cor_invertida_small-3218661-768x180.png 768w, https:\/\/brandvoicer.pt\/wp-content\/uploads\/2024\/10\/Logo_cor_invertida_small-3218661-18x4.png 18w, https:\/\/brandvoicer.pt\/wp-content\/uploads\/2024\/10\/Logo_cor_invertida_small-3218661-420x98.png 420w, https:\/\/brandvoicer.pt\/wp-content\/uploads\/2024\/10\/Logo_cor_invertida_small-3218661-e1752226441532.png 200w\" sizes=\"auto, (max-width: 300px) 100vw, 300px\" \/><\/div>\n\t\t<\/figure>\n\t<\/div>\n<p style=\"text-align: center; color: white; font-size: 11px; line-height: 1.2;\">Website, personal and professional brand of<br \/>\nJo\u00e3o Filipe Mateus \u00a9 2024. All rights reserved.<\/p>\n<\/div><\/div><\/div><\/div><\/div><\/section>","protected":false},"excerpt":{"rendered":"<p>Jo\u00e3o Filipe MateusA brandvoicer \u00e9 a minha marca pessoal e profissional. Um est\u00fadio de palavras, com uma abordagem estrat\u00e9gica e criativa em digital, atrav\u00e9s de reda\u00e7\u00e3o e conte\u00fados. Valorizo a diferencia\u00e7\u00e3o. Tenho um sentido cr\u00edtico apurado e prop\u00f3sito na comunica\u00e7\u00e3o. A franqueza e integridade s\u00e3o valores inerentes. E a empatia, uma forma de estar, para [&hellip;]<\/p>\n","protected":false},"author":1,"featured_media":0,"parent":0,"menu_order":0,"comment_status":"closed","ping_status":"closed","template":"","meta":{"slim_seo":{"title":"Quem - brandvoicer","description":""},"footnotes":""},"class_list":["post-8294","page","type-page","status-publish","hentry"],"yoast_head":"<!-- This site is optimized with the Yoast SEO plugin v27.4 - https:\/\/yoast.com\/product\/yoast-seo-wordpress\/ -->\n<title>Quem<\/title>\n<meta name=\"description\" content=\"Jo\u00e3o Filipe Mateus \/\/ brandvoicer studio \/\/ Copywriting &amp; conte\u00fados em digital, que movem a comunica\u00e7\u00e3o.\" \/>\n<meta name=\"robots\" content=\"index, follow, max-snippet:-1, max-image-preview:large, max-video-preview:-1\" \/>\n<link rel=\"canonical\" href=\"https:\/\/brandvoicer.pt\/en\/quem\/\" \/>\n<meta property=\"og:locale\" content=\"en_GB\" \/>\n<meta property=\"og:type\" content=\"article\" \/>\n<meta property=\"og:title\" content=\"Quem\" \/>\n<meta property=\"og:description\" content=\"Jo\u00e3o Filipe Mateus \/\/ brandvoicer studio \/\/ Copywriting &amp; conte\u00fados em digital, que movem a comunica\u00e7\u00e3o.\" \/>\n<meta property=\"og:url\" content=\"https:\/\/brandvoicer.pt\/en\/quem\/\" \/>\n<meta property=\"og:site_name\" content=\"brandvoicer\" \/>\n<meta property=\"article:modified_time\" content=\"2024-12-03T13:08:25+00:00\" \/>\n<meta name=\"twitter:card\" content=\"summary_large_image\" \/>\n<meta name=\"twitter:label1\" content=\"Estimated reading time\" \/>\n\t<meta name=\"twitter:data1\" content=\"3 minutes\" \/>\n<script type=\"application\/ld+json\" class=\"yoast-schema-graph\">{\"@context\":\"https:\\\/\\\/schema.org\",\"@graph\":[{\"@type\":\"WebPage\",\"@id\":\"https:\\\/\\\/brandvoicer.pt\\\/quem\\\/\",\"url\":\"https:\\\/\\\/brandvoicer.pt\\\/quem\\\/\",\"name\":\"Quem\",\"isPartOf\":{\"@id\":\"https:\\\/\\\/brandvoicer.pt\\\/#website\"},\"datePublished\":\"2016-04-12T06:37:16+00:00\",\"dateModified\":\"2024-12-03T13:08:25+00:00\",\"description\":\"Jo\u00e3o Filipe Mateus \\\/\\\/ brandvoicer studio \\\/\\\/ Copywriting & conte\u00fados em digital, que movem a comunica\u00e7\u00e3o.\",\"breadcrumb\":{\"@id\":\"https:\\\/\\\/brandvoicer.pt\\\/quem\\\/#breadcrumb\"},\"inLanguage\":\"en-GB\",\"potentialAction\":[{\"@type\":\"ReadAction\",\"target\":[\"https:\\\/\\\/brandvoicer.pt\\\/quem\\\/\"]}]},{\"@type\":\"BreadcrumbList\",\"@id\":\"https:\\\/\\\/brandvoicer.pt\\\/quem\\\/#breadcrumb\",\"itemListElement\":[{\"@type\":\"ListItem\",\"position\":1,\"name\":\"In\u00edcio\",\"item\":\"https:\\\/\\\/brandvoicer.pt\\\/\"},{\"@type\":\"ListItem\",\"position\":2,\"name\":\"Quem\"}]},{\"@type\":\"WebSite\",\"@id\":\"https:\\\/\\\/brandvoicer.pt\\\/#website\",\"url\":\"https:\\\/\\\/brandvoicer.pt\\\/\",\"name\":\"brandvoicer\",\"description\":\"Digital copy &amp; content\",\"publisher\":{\"@id\":\"https:\\\/\\\/brandvoicer.pt\\\/#organization\"},\"potentialAction\":[{\"@type\":\"SearchAction\",\"target\":{\"@type\":\"EntryPoint\",\"urlTemplate\":\"https:\\\/\\\/brandvoicer.pt\\\/?s={search_term_string}\"},\"query-input\":{\"@type\":\"PropertyValueSpecification\",\"valueRequired\":true,\"valueName\":\"search_term_string\"}}],\"inLanguage\":\"en-GB\"},{\"@type\":\"Organization\",\"@id\":\"https:\\\/\\\/brandvoicer.pt\\\/#organization\",\"name\":\"brandvoicer\",\"url\":\"https:\\\/\\\/brandvoicer.pt\\\/\",\"logo\":{\"@type\":\"ImageObject\",\"inLanguage\":\"en-GB\",\"@id\":\"https:\\\/\\\/brandvoicer.pt\\\/#\\\/schema\\\/logo\\\/image\\\/\",\"url\":\"https:\\\/\\\/brandvoicer.pt\\\/wp-content\\\/uploads\\\/2024\\\/07\\\/brandvoicer-Main-Logo-1-8939494.png\",\"contentUrl\":\"https:\\\/\\\/brandvoicer.pt\\\/wp-content\\\/uploads\\\/2024\\\/07\\\/brandvoicer-Main-Logo-1-8939494.png\",\"width\":1797,\"height\":406,\"caption\":\"brandvoicer\"},\"image\":{\"@id\":\"https:\\\/\\\/brandvoicer.pt\\\/#\\\/schema\\\/logo\\\/image\\\/\"},\"sameAs\":[\"https:\\\/\\\/www.linkedin.com\\\/in\\\/joaomateus83\\\/\"]}]}<\/script>\n<!-- \/ Yoast SEO plugin. -->","yoast_head_json":{"title":"Quem","description":"Jo\u00e3o Filipe Mateus \/\/ brandvoicer studio \/\/ Copywriting & conte\u00fados em digital, que movem a comunica\u00e7\u00e3o.","robots":{"index":"index","follow":"follow","max-snippet":"max-snippet:-1","max-image-preview":"max-image-preview:large","max-video-preview":"max-video-preview:-1"},"canonical":"https:\/\/brandvoicer.pt\/en\/quem\/","og_locale":"en_GB","og_type":"article","og_title":"Quem","og_description":"Jo\u00e3o Filipe Mateus \/\/ brandvoicer studio \/\/ Copywriting & conte\u00fados em digital, que movem a comunica\u00e7\u00e3o.","og_url":"https:\/\/brandvoicer.pt\/en\/quem\/","og_site_name":"brandvoicer","article_modified_time":"2024-12-03T13:08:25+00:00","twitter_card":"summary_large_image","twitter_misc":{"Estimated reading time":"3 minutes"},"schema":{"@context":"https:\/\/schema.org","@graph":[{"@type":"WebPage","@id":"https:\/\/brandvoicer.pt\/quem\/","url":"https:\/\/brandvoicer.pt\/quem\/","name":"Quem","isPartOf":{"@id":"https:\/\/brandvoicer.pt\/#website"},"datePublished":"2016-04-12T06:37:16+00:00","dateModified":"2024-12-03T13:08:25+00:00","description":"Jo\u00e3o Filipe Mateus \/\/ brandvoicer studio \/\/ Copywriting & conte\u00fados em digital, que movem a comunica\u00e7\u00e3o.","breadcrumb":{"@id":"https:\/\/brandvoicer.pt\/quem\/#breadcrumb"},"inLanguage":"en-GB","potentialAction":[{"@type":"ReadAction","target":["https:\/\/brandvoicer.pt\/quem\/"]}]},{"@type":"BreadcrumbList","@id":"https:\/\/brandvoicer.pt\/quem\/#breadcrumb","itemListElement":[{"@type":"ListItem","position":1,"name":"In\u00edcio","item":"https:\/\/brandvoicer.pt\/"},{"@type":"ListItem","position":2,"name":"Quem"}]},{"@type":"WebSite","@id":"https:\/\/brandvoicer.pt\/#website","url":"https:\/\/brandvoicer.pt\/","name":"brandvoicer","description":"Digital copy &amp; content","publisher":{"@id":"https:\/\/brandvoicer.pt\/#organization"},"potentialAction":[{"@type":"SearchAction","target":{"@type":"EntryPoint","urlTemplate":"https:\/\/brandvoicer.pt\/?s={search_term_string}"},"query-input":{"@type":"PropertyValueSpecification","valueRequired":true,"valueName":"search_term_string"}}],"inLanguage":"en-GB"},{"@type":"Organization","@id":"https:\/\/brandvoicer.pt\/#organization","name":"brandvoicer","url":"https:\/\/brandvoicer.pt\/","logo":{"@type":"ImageObject","inLanguage":"en-GB","@id":"https:\/\/brandvoicer.pt\/#\/schema\/logo\/image\/","url":"https:\/\/brandvoicer.pt\/wp-content\/uploads\/2024\/07\/brandvoicer-Main-Logo-1-8939494.png","contentUrl":"https:\/\/brandvoicer.pt\/wp-content\/uploads\/2024\/07\/brandvoicer-Main-Logo-1-8939494.png","width":1797,"height":406,"caption":"brandvoicer"},"image":{"@id":"https:\/\/brandvoicer.pt\/#\/schema\/logo\/image\/"},"sameAs":["https:\/\/www.linkedin.com\/in\/joaomateus83\/"]}]}},"_links":{"self":[{"href":"https:\/\/brandvoicer.pt\/en\/wp-json\/wp\/v2\/pages\/8294","targetHints":{"allow":["GET"]}}],"collection":[{"href":"https:\/\/brandvoicer.pt\/en\/wp-json\/wp\/v2\/pages"}],"about":[{"href":"https:\/\/brandvoicer.pt\/en\/wp-json\/wp\/v2\/types\/page"}],"author":[{"embeddable":true,"href":"https:\/\/brandvoicer.pt\/en\/wp-json\/wp\/v2\/users\/1"}],"replies":[{"embeddable":true,"href":"https:\/\/brandvoicer.pt\/en\/wp-json\/wp\/v2\/comments?post=8294"}],"version-history":[{"count":34,"href":"https:\/\/brandvoicer.pt\/en\/wp-json\/wp\/v2\/pages\/8294\/revisions"}],"predecessor-version":[{"id":9979,"href":"https:\/\/brandvoicer.pt\/en\/wp-json\/wp\/v2\/pages\/8294\/revisions\/9979"}],"wp:attachment":[{"href":"https:\/\/brandvoicer.pt\/en\/wp-json\/wp\/v2\/media?parent=8294"}],"curies":[{"name":"wp","href":"https:\/\/api.w.org\/{rel}","templated":true}]}}